{"id":8,"date":"2020-02-29T20:29:59","date_gmt":"2020-02-29T20:29:59","guid":{"rendered":"http:\/\/ninawenig.com\/?page_id=8"},"modified":"2025-11-20T12:15:08","modified_gmt":"2025-11-20T12:15:08","slug":"one-page-express","status":"publish","type":"page","link":"https:\/\/ninawenig.com\/","title":{"rendered":"Front Page"},"content":{"rendered":"<div  id=\"nina\" class=\"content-left-image-section content-image-left\" style=\"background-color: #f6f6f6;\" data-label=\"Nina\" data-id=\"content-image-left\" data-category=\"content\">\n<div  class=\"gridContainer\">\n<div  class=\"row\">\n<div  class=\"content-left-image-imgcol\" data-type=\"column\"><img  decoding=\"async\" class=\"\" src=\"https:\/\/ninawenig.com\/wp-content\/uploads\/2020\/02\/NinaWenig-scaled.jpg\"><\/div>\n<div  class=\"content-left-image-textcol dynamic-color\" data-type=\"column\">\n<h2  class=\"\">Moin<\/h2>\n<p  class=\"large_text\">Ich bin Nina Wenig. Ich habe in Hamburg Informatik mit dem Schwerpunkt Bildverarbeitung und Kognitive Systeme studiert. An der Uni Bremen habe ich im Digital Media Lab promoviert und mich mit allen m\u00f6glichen Projekten rund um die Anwendung von K\u00fcnstlicher Intelligenz in neuen Nutzerschnittstellen besch\u00e4ftigt. Meine Dissertation habe ich \u00fcber \u201eUser-Centered Image Annotation and its Applications\u201c geschrieben. Ich arbeite als Post-Doc und betreue mit viel Freude verschiedene Abschlussarbeiten und Lehrveranstaltungen im Bereich Mensch-Computer-Interaktion und K\u00fcnstliche Intelligenz. Insbesondere in den Themenfeldern Mobile Medien,&nbsp;Bildannotation und Chatbots. Zusammen mit Dirk Wenig entwickel ich den Chatbot-Dienst IDA, mit dem jeder seinen eigenen intelligenten Chatbot entwickeln kann.<\/p>\n\n<\/div>\n<\/div>\n<\/div>\n<\/div><div  id=\"ida\" class=\"content-right-image-section content-image-right\" style=\"background-color: #f6f6f6;\" data-label=\"IDA\" data-id=\"content-image-right\" data-category=\"content\">\n<div  class=\"gridContainer\">\n<div  class=\"content-right-image-gridcol\">\n<div  class=\"content-right-image-textcol dynamic-color\" data-type=\"column\">\n<h2  class=\"\">IDA Chatbot-Dienst<\/h2>\n<p  class=\"large_text\">IDA (Intelligent, Dom\u00e4nenspezifisch, Anpassbar) ist der Chatbot Dienst den ich zusammen mit Dirk entwickel. Neben der Entwicklung von L\u00f6sungen zum Sprachverstehen, steht f\u00fcr uns die Anpassbarkeit im Vordergrund. Wir wollen das jeder seinen eigenen intelligenten Chatbot einfach erstellen kann und das gelernte Wissen einfach einsehen kann.<\/p>\n<a class=\"\" href=\"https:\/\/idabot.de\" target=\"_blank\" rel=\"noopener noreferrer\">IDA Chatbotdienst<\/a><h3  class=\"\">Weitere Entwicklung<\/h3><p  class=\"\">Ich bin ein gro\u00dfer Python-Fan und nutze Django, spacy.io, sklearn, OpenCV, Tensorflow, NLTK.<br >Mobile Entwicklung (Android)\u2026<br >Spiele (ein klein wenig Unity)<br >Web (HTML5, JS, CSS)<br >Tools (Docker, bash)<br >Damals: C++, R, Java (Desktop), php, Prolog, Scheme<\/p>\n\n<\/div>\n<div  class=\"content-right-image-imgcol\" data-type=\"column\"><img  decoding=\"async\" class=\"\" src=\"https:\/\/ninawenig.com\/wp-content\/uploads\/2020\/03\/2018-09-19-20.16.37-scaled.jpg\"><\/div>\n<\/div>\n<\/div>\n<\/div><div  id=\"forschung\" class=\"features-image-cards-section\" style=\"background-color: #f6f6f6;\" data-label=\"Forschung\" data-id=\"features-image-cards-section\" data-category=\"features\">\n<div  class=\"gridContainer\">\n<div  class=\"features-image-cards-textrow\">\n<div  class=\"features-image-cards-textcol dynamic-color\" data-type=\"column\">\n<h2  class=\"\">Forschung<\/h2>\n<p  class=\"\">Ich habe in vielen verschiedenen Projekten an der Uni Bremen mitgearbeitet. Hier eine kleine Auswahl.<\/p>\n\n<\/div>\n<\/div>\n<div  class=\"features-image-cards-innerrow flexbox-list dark-text\" data-type=\"row\">\n<div  class=\"features-image-cards-cardcol cp6cols-tablet cp6cols\">\n<div  class=\"features-image-cards-cardrow\"><img  decoding=\"async\" class=\"features-image-cards-featimg\" src=\"https:\/\/ninawenig.com\/wp-content\/uploads\/2020\/03\/web_bastard.jpg\">\n<div  class=\"features-image-cards-cardtextrow\" data-type=\"column\">\n<h4  class=\"\">Bastard \u2013 Image Tagging<\/h4>\n<p  class=\"\">Automatische Bildannotation mit Hilfe von Bild- und Kontextinformationen. Die App war ein Teil meiner Dissertation.<\/p>\n\n<\/div>\n<\/div>\n<\/div>\n<div  class=\"features-image-cards-cardcol cp6cols-tablet cp6cols\">\n<div  class=\"features-image-cards-cardrow\"><img  decoding=\"async\" class=\"features-image-cards-featimg\" src=\"https:\/\/ninawenig.com\/wp-content\/uploads\/2020\/03\/web_adaptify.jpg\">\n<div  class=\"features-image-cards-cardtextrow\" data-type=\"column\">\n<h4  class=\"\">Adaptify \u2013 Exergames<\/h4>\n<p  class=\"\">In diesem Projekt haben wir Exergames f\u00fcr Patienten mit chronischen R\u00fcckenschmerzen erforscht.<\/p>\n\n<\/div>\n<\/div>\n<\/div>\n<div  class=\"features-image-cards-cardcol cp6cols-tablet cp6cols\">\n<div  class=\"features-image-cards-cardrow\"><img  decoding=\"async\" class=\"features-image-cards-featimg\" src=\"https:\/\/ninawenig.com\/wp-content\/uploads\/2020\/03\/web_autobahn.jpg\">\n<div  class=\"features-image-cards-cardtextrow\" data-type=\"column\">\n<h4  class=\"\">Autobahn \u2013 Scenic Routes<\/h4>\n<p  class=\"\">Sch\u00f6ne Autostrecken automatisch erstellen mit Hilfe von K\u00fcnstlicher Intelligenz und Google Streetview.<\/p>\n\n<\/div>\n<\/div>\n<\/div>\n<div  class=\"features-image-cards-cardcol cp6cols-tablet cp6cols\">\n<div  class=\"features-image-cards-cardrow\"><img  decoding=\"async\" class=\"features-image-cards-featimg\" src=\"https:\/\/ninawenig.com\/wp-content\/uploads\/2020\/03\/web_fim.jpg\">\n<div  class=\"features-image-cards-cardtextrow\" data-type=\"column\">\n<h4  class=\"\">Fit in Mint \u2013 Weiterbildung<\/h4>\n<p  class=\"\">Weiterbildungsma\u00dfnahme f\u00fcr Frauen zusammen mit der Akadmie f\u00fcr Weiterbildung. Ich habe mehrere Kurse im Bereich Digitale Medien betreut.<\/p>\n\n<\/div>\n<\/div>\n<\/div>\n<div  class=\"features-image-cards-cardcol cp6cols-tablet cp6cols\">\n<div  class=\"features-image-cards-cardrow\"><img  decoding=\"async\" class=\"features-image-cards-featimg\" src=\"https:\/\/ninawenig.com\/wp-content\/uploads\/2020\/03\/web_pharos.jpg\">\n<div  class=\"features-image-cards-cardtextrow\" data-type=\"column\">\n<h4  class=\"\">Pharos \u2013 Landmark Navigation<\/h4>\n<p  class=\"\">Mit Hilfe von eine Landmarke die Navigation auf Mobilen Ger\u00e4ten verbessern. Zur Berechnung der Sichtbarkeit wurden KI-Algorithmen genutzt.<\/p>\n\n<\/div>\n<\/div>\n<\/div>\n<div  class=\"features-image-cards-cardcol cp6cols-tablet cp6cols\">\n<div  class=\"features-image-cards-cardrow\"><img  decoding=\"async\" class=\"features-image-cards-featimg\" src=\"https:\/\/ninawenig.com\/wp-content\/uploads\/2020\/03\/web_pokemon.jpg\">\n<div  class=\"features-image-cards-cardtextrow\" data-type=\"column\">\n<h4  class=\"\">Pok\u00e9mon Go<\/h4>\n<p  class=\"\">Wie bewegen sich Pok\u00e9mon Go Spieler? Wir waren Teil einer europ\u00e4ischen Befragung von Pok\u00e9mon Go Spielern.<\/p>\n\n<\/div>\n<\/div>\n<\/div>\n<div  class=\"features-image-cards-cardcol cp6cols-tablet cp6cols\">\n<div  class=\"features-image-cards-cardrow\"><img  decoding=\"async\" class=\"features-image-cards-featimg\" src=\"https:\/\/ninawenig.com\/wp-content\/uploads\/2020\/03\/web_panovis.jpg\">\n<div  class=\"features-image-cards-cardtextrow\" data-type=\"column\">\n<h4  class=\"\">Panovis \u2013 3D &amp; Image Information<\/h4>\n<p  class=\"\">In meinem ersten Projekt an der Uni Bremen haben wir 3D- und Bildinformationen genutzt, um Bilder zu analysieren und zu annotieren.<\/p>\n\n<\/div>\n<\/div>\n<\/div>\n<div  class=\"features-image-cards-cardcol cp6cols-tablet cp6cols\">\n<div  class=\"features-image-cards-cardrow\"><img  decoding=\"async\" class=\"features-image-cards-featimg\" src=\"https:\/\/ninawenig.com\/wp-content\/uploads\/2020\/03\/web_emowheel.jpg\">\n<div  class=\"features-image-cards-cardtextrow\" data-type=\"column\">\n<h4  class=\"\">EmoWheel \u2013 Emotional Image Tagging<\/h4>\n<p  class=\"\">Oft werden Bilder nur mit Ereignissen oder den abgebildeten Objekten verschlagwortet. Dabei haben die assozierten&nbsp; Emotionen<\/p>\n\n<\/div>\n<\/div>\n<\/div>\n<div  class=\"features-image-cards-cardcol cp6cols-tablet cp6cols\">\n<div  class=\"features-image-cards-cardrow\"><img  decoding=\"async\" class=\"features-image-cards-featimg\" src=\"https:\/\/ninawenig.com\/wp-content\/uploads\/2025\/11\/Backgrund_graphic-scaled.jpeg\" alt=\"Just a blurry background image\">\n<div  class=\"features-image-cards-cardtextrow\" data-type=\"column\">\n<h4  class=\"\">ComAI \u2013 Chatbots<\/h4>\n<p  class=\"\">Ich arbeite mit im Teilprojekt\u201cInterfaces: Implementierung user-centered ComAI\u201c der interdisziplin\u00e4ren Forschungsgruppe.<\/p>\n\n<a href=\"https:\/\/comai.space\/projekte\/p2\" class=\"\" target=\"_blank\" rel=\"noopener\">https:\/\/comai.space\/projekte\/p2\/<\/a><\/div>\n<\/div>\n<\/div><div  class=\"features-image-cards-cardcol cp6cols-tablet cp6cols\">\n<div  class=\"features-image-cards-cardrow\"><img  decoding=\"async\" class=\"features-image-cards-featimg\" src=\"https:\/\/ninawenig.com\/wp-content\/uploads\/2025\/11\/microscope-2182645_640.jpg\" alt=\"mircroscope\">\n<div  class=\"features-image-cards-cardtextrow\" data-type=\"column\">\n<h4  class=\"\">AIPath \u2013 Neue Nutzerschnittstellen<\/h4>\n<p  class=\"\">Ergonomische und sichere Gestaltung von Nutzerschnittstellen f\u00fcr<br >die Kl-assistierte Befundung in der Pathologie.<\/p>\n\n<\/div>\n<\/div>\n<\/div><\/div>\n<\/div>\n<\/div><div  id=\"lehre\" class=\"about-big-images-section\" style=\"background-color: #f6f6f6;\" data-label=\"Lehre\" data-id=\"about-big-images-section\" data-category=\"about\">\n<div  class=\"gridContainer\">\n<div  class=\"about-big-images-textrow\">\n<div  class=\"about-big-images-textcol dynamic-color\" data-type=\"column\">\n<h3  class=\"\">Lehre<\/h3>\n<p  class=\"\">An der Uni Bremen habe ich viele Lehrveranstaltungen begleitet und durchgef\u00fchrt:<\/p>\n2019\/2020: Seminar Chatbots\n2016\/2017: Project Adaptive Exergames\n2018, 2015\/2016, 2015, 2014: Mobile und ubiquit\u00e4re Medien\n2010\/2011: Seminar Panoramen \u2013 Theorie und Praxis and Practice\n2010-2013: Tutorien Medieninformatik 1 und 2\n\nAu\u00dferdem betreue ich viele Abschlussarbeiten rund um die Themen Chatbots, Bildannotation und die Kombination von HCI und KI.\n\n<p  class=\"\"><\/p><div >SS 2024 and SS 2025 Generative AI and Creativity<\/div><div >SS 2025 Bachelorprojekt KreKI<\/div><div >WS 2025\/2026 Masterkurs Domains Matter<\/div><\/div>\n<\/div>\n<\/div>\n<div  class=\"about-big-images-bottomrow\">\n<div  class=\"about-big-images-leftimgcol\"><img  decoding=\"async\" class=\"about-big-images-leftimg\" src=\"https:\/\/ninawenig.com\/wp-content\/uploads\/2020\/03\/web_mzhspringview.png\"><\/div>\n<div  class=\"about-big-images-centerimgcol\"><img  decoding=\"async\" class=\"about-big-images-centerimg\" src=\"https:\/\/ninawenig.com\/wp-content\/uploads\/2020\/03\/2013-04-30-09.32.03-scaled.jpg\"><\/div>\n<div  class=\"about-big-images-rightimgcol\"><img  decoding=\"async\" class=\"about-big-images-rightimg\" src=\"https:\/\/ninawenig.com\/wp-content\/uploads\/2020\/03\/web_mzhview.jpg\"><\/div>\n<\/div>\n<\/div><div  id=\"kontakt\" class=\"contact-section-formsection white-text\" style=\"background-image: url('https:\/\/ninawenig.com\/wp-content\/uploads\/2020\/02\/lightning-strike-on-city-1114688-scaled.jpg'); background-size: auto 865px; background-repeat: no-repeat; background-position: center top 79.9012%;\" data-label=\"Kontakt\" data-id=\"contact-section\" data-category=\"contact\" data-bg=\"transparent\">\n<div  class=\"gridContainer\">\n<div  class=\"row_224\">\n<div  class=\"contact-textrow\">\n<div  class=\"contact-textcol dynamic-color\">\n<h2  class=\"\">Kontakt<\/h2>\n<p  class=\"white_text\"><\/p>\n\n<\/div>\n<\/div>\n<\/div>\n<div  class=\"contact-formcol\" data-content-shortcode=\"one_page_express_contact_form shortcode=&quot;contact-form-7 id=&amp;amp;quot;78&amp;amp;quot; title=&amp;amp;quot;Kontaktformular 1&amp;amp;quot;&quot;\" data-editable=\"true\"><div role=\"form\" class=\"wpcf7\" id=\"wpcf7-f78-o1\" lang=\"de-DE\" dir=\"ltr\">\n<div class=\"screen-reader-response\"><\/div>\n<form action=\"\/index.php?rest_route=%2Fwp%2Fv2%2Fpages%2F8#wpcf7-f78-o1\" method=\"post\" class=\"wpcf7-form\" novalidate=\"novalidate\">\n<div style=\"display: none;\">\n<input type=\"hidden\" name=\"_wpcf7\" value=\"78\" \/>\n<input type=\"hidden\" name=\"_wpcf7_version\" value=\"5.1.6\" \/>\n<input type=\"hidden\" name=\"_wpcf7_locale\" value=\"de_DE\" \/>\n<input type=\"hidden\" name=\"_wpcf7_unit_tag\" value=\"wpcf7-f78-o1\" \/>\n<input type=\"hidden\" name=\"_wpcf7_container_post\" value=\"0\" \/>\n<\/div>\n<p><label> Dein Name (Pflichtfeld)<br \/>\n    <span class=\"wpcf7-form-control-wrap your-name\"><input type=\"text\" name=\"your-name\" value=\"\" size=\"40\" class=\"wpcf7-form-control wpcf7-text wpcf7-validates-as-required\" aria-required=\"true\" aria-invalid=\"false\" \/><\/span> <\/label><\/p>\n<p><label> Deine E-Mail-Adresse (Pflichtfeld)<br \/>\n    <span class=\"wpcf7-form-control-wrap your-email\"><input type=\"email\" name=\"your-email\" value=\"\" size=\"40\" class=\"wpcf7-form-control wpcf7-text wpcf7-email wpcf7-validates-as-required wpcf7-validates-as-email\" aria-required=\"true\" aria-invalid=\"false\" \/><\/span> <\/label><\/p>\n<p><label> Betreff<br \/>\n    <span class=\"wpcf7-form-control-wrap your-subject\"><input type=\"text\" name=\"your-subject\" value=\"\" size=\"40\" class=\"wpcf7-form-control wpcf7-text\" aria-invalid=\"false\" \/><\/span> <\/label><\/p>\n<p><label> Deine Nachricht<br \/>\n    <span class=\"wpcf7-form-control-wrap your-message\"><textarea name=\"your-message\" cols=\"40\" rows=\"10\" class=\"wpcf7-form-control wpcf7-textarea\" aria-invalid=\"false\"><\/textarea><\/span> <\/label><\/p>\n<p><input type=\"submit\" value=\"Senden\" class=\"wpcf7-form-control wpcf7-submit\" \/><\/p>\n<div class=\"wpcf7-response-output wpcf7-display-none\"><\/div><\/form><\/div><\/div>\n<\/div>\n<\/div>","protected":false},"excerpt":{"rendered":"<p>Moin Ich bin Nina Wenig. Ich habe in Hamburg Informatik mit dem Schwerpunkt Bildverarbeitung und Kognitive Systeme studiert. An der Uni Bremen habe ich im Digital Media Lab promoviert und mich mit allen m\u00f6glichen Projekten rund um die Anwendung von K\u00fcnstlicher Intelligenz in neuen Nutzerschnittstellen besch\u00e4ftigt. Meine Dissertation habe ich \u00fcber \u201eUser-Centered Image Annotation and&hellip; <br \/> <a class=\"button small blue\" href=\"https:\/\/ninawenig.com\/?p=1\">Weiterlesen<\/a><\/p>\n","protected":false},"author":1,"featured_media":0,"parent":0,"menu_order":0,"comment_status":"closed","ping_status":"closed","template":"","meta":{"footnotes":""},"class_list":["post-8","page","type-page","status-publish","hentry"],"_links":{"self":[{"href":"https:\/\/ninawenig.com\/index.php?rest_route=\/wp\/v2\/pages\/8"}],"collection":[{"href":"https:\/\/ninawenig.com\/index.php?rest_route=\/wp\/v2\/pages"}],"about":[{"href":"https:\/\/ninawenig.com\/index.php?rest_route=\/wp\/v2\/types\/page"}],"author":[{"embeddable":true,"href":"https:\/\/ninawenig.com\/index.php?rest_route=\/wp\/v2\/users\/1"}],"replies":[{"embeddable":true,"href":"https:\/\/ninawenig.com\/index.php?rest_route=%2Fwp%2Fv2%2Fcomments&post=8"}],"version-history":[{"count":33,"href":"https:\/\/ninawenig.com\/index.php?rest_route=\/wp\/v2\/pages\/8\/revisions"}],"predecessor-version":[{"id":146,"href":"https:\/\/ninawenig.com\/index.php?rest_route=\/wp\/v2\/pages\/8\/revisions\/146"}],"wp:attachment":[{"href":"https:\/\/ninawenig.com\/index.php?rest_route=%2Fwp%2Fv2%2Fmedia&parent=8"}],"curies":[{"name":"wp","href":"https:\/\/api.w.org\/{rel}","templated":true}]}}